{"id":4497,"date":"2022-07-27T12:24:50","date_gmt":"2022-07-27T12:24:50","guid":{"rendered":"https:\/\/naszpowiat.info\/?page_id=4497"},"modified":"2022-07-27T13:17:27","modified_gmt":"2022-07-27T13:17:27","slug":"biuletyny-informacji-publicznej","status":"publish","type":"page","link":"https:\/\/naszpowiat.info\/index.php\/biuletyny-informacji-publicznej\/","title":{"rendered":"Biuletyny Informacji Publicznej"},"content":{"rendered":"\n<div class=\"wp-block-columns is-layout-flex wp-container-core-columns-is-layout-9d6595d7 wp-block-columns-is-layout-flex\">\n<div class=\"wp-block-column is-layout-flow wp-block-column-is-layout-flow\" style=\"flex-basis:100%\">\n<p><strong><a href=\"https:\/\/bip.powiat-grodziski.pl\/\">Powiat grodziski<\/a><\/strong><\/p>\n\n\n\n<ul class=\"wp-block-list\"><li><a href=\"http:\/\/bip.baranow.pl\/\">Baran\u00f3w<\/a><\/li><li><a href=\"https:\/\/bip.grodzisk.pl\/\">Grodzisk Mazowiecki<\/a><\/li><li><a href=\"https:\/\/bip.jaktorow.pl\/\">Jaktor\u00f3w<\/a><\/li><li><a href=\"https:\/\/www.milanowek.pl\/bip\">Milan\u00f3wek<\/a><\/li><li><a href=\"https:\/\/bip.podkowalesna.pl\/\">Podkowa Le\u015bna<\/a><\/li><li><a href=\"https:\/\/www.bip.zabiawola.akcessnet.net\/index.php?idg=1&amp;id=1&amp;x=1\">\u017babia Wola<\/a><\/li><\/ul>\n<\/div>\n\n\n\n<div class=\"wp-block-column is-layout-flow wp-block-column-is-layout-flow\" style=\"flex-basis:100%\">\n<p><strong><a href=\"https:\/\/bip.powiat-legionowski.pl\/\">Powiat legionowski<\/a><\/strong><\/p>\n\n\n\n<ul class=\"wp-block-list\"><li><a href=\"https:\/\/bip.jablonna.pl\/\">Jab\u0142onna<\/a><\/li><li><a href=\"https:\/\/bip.legionowo.pl\/\">Legionowo<\/a><\/li><li><a href=\"https:\/\/bip.nieporet.pl\/\">Niepor\u0119t<\/a><\/li><li><a href=\"https:\/\/www.bip.serock.pl\/\">Serock<\/a><\/li><li><a href=\"https:\/\/bip.wieliszew.pl\/\">Wieliszew<\/a><\/li><\/ul>\n<\/div>\n<\/div>\n\n\n\n<div class=\"wp-block-columns is-layout-flex wp-container-core-columns-is-layout-9d6595d7 wp-block-columns-is-layout-flex\">\n<div class=\"wp-block-column is-layout-flow wp-block-column-is-layout-flow\" style=\"flex-basis:100%\">\n<p><strong><a href=\"http:\/\/bip.powiatminski.pl\/\">Powiat mi\u0144ski<\/a><\/strong><\/p>\n\n\n\n<ul class=\"wp-block-list\"><li><a href=\"http:\/\/bip.ceglow.pl\/\">Ceg\u0142\u00f3w<\/a><\/li><li><a href=\"https:\/\/debewielkie.e-biuletyn.pl\/index.php?id=6\">D\u0119be Wielkie<\/a><\/li><li><a href=\"https:\/\/gminadobre.bip.net.pl\/\">Dobre<\/a><\/li><li><a href=\"https:\/\/bip.halinow.pl\/\">Halin\u00f3w<\/a><\/li><li><a href=\"http:\/\/bip.jakubow.pl\/\">Jakub\u00f3w<\/a><\/li><li><a href=\"http:\/\/www.umgkaluszyn.bip.org.pl\/\">Ka\u0142uszyn<\/a><\/li><li><a href=\"https:\/\/bip.gmina-latowicz.pl\/\">Latowicz<\/a><\/li><li><a href=\"https:\/\/www.bip.minsk-maz.pl\/\">Mi\u0144sk Mazowiecki<\/a><\/li><li><a href=\"https:\/\/mrozy.bip.net.pl\/\">Mrozy<\/a><\/li><li><a href=\"http:\/\/ugsiennica.bip.org.pl\/\">Siennica<\/a><\/li><li><a href=\"https:\/\/bip.stanislawow.eu\/1,biuletyn-informacji-publicznej-urzedu-gminy-stanislawow\">Stanis\u0142aw\u00f3w<\/a><\/li><li><a href=\"https:\/\/www.bip.sulejowek.pl\/\">Sulej\u00f3wek<\/a><\/li><\/ul>\n<\/div>\n\n\n\n<div class=\"wp-block-column is-layout-flow wp-block-column-is-layout-flow\" style=\"flex-basis:100%\">\n<p><strong><a href=\"https:\/\/www.bip.nowodworski.pl\/\">Powiat nowodworski<\/a><\/strong><\/p>\n\n\n\n<ul class=\"wp-block-list\"><li><a href=\"https:\/\/czosnow.biuletyn.net\/\">Czosn\u00f3w<\/a><\/li><li><a href=\"https:\/\/leoncin.bip.net.pl\/\">Leoncin<\/a><\/li><li><a href=\"http:\/\/umnasielsk.bip.org.pl\/\">Nasielsk<\/a><\/li><li><a href=\"https:\/\/bip.nowydwormaz.pl\/public\/\">Nowy Dw\u00f3r Mazowiecki<\/a><\/li><li><a href=\"https:\/\/pomiechowek.bip.net.pl\/\">Pomiech\u00f3wek<\/a><\/li><li><a href=\"https:\/\/zakroczym.bip.net.pl\/\">Zakroczym<\/a><\/li><\/ul>\n<\/div>\n<\/div>\n\n\n\n<div class=\"wp-block-columns is-layout-flex wp-container-core-columns-is-layout-9d6595d7 wp-block-columns-is-layout-flex\">\n<div class=\"wp-block-column is-layout-flow wp-block-column-is-layout-flow\" style=\"flex-basis:100%\">\n<p><strong><a href=\"https:\/\/www.bip.powiat-otwocki.pl\/\">Powiat otwocki<\/a><\/strong><\/p>\n\n\n\n<ul class=\"wp-block-list\"><li><a href=\"http:\/\/bip.celestynow.pl\/public\/\">Celestyn\u00f3w<\/a><\/li><li><a href=\"https:\/\/jozefow.bip.eur.pl\/public\/\">J\u00f3zef\u00f3w<\/a><\/li><li><a href=\"https:\/\/bip.karczew.pl\/\">Karczew<\/a><\/li><li><a href=\"http:\/\/www.kolbiel.biuletyn.net\/\">Ko\u0142biel<\/a><\/li><li><a href=\"http:\/\/www.e-bip.pl\/start\/13195\">Osieck<\/a><\/li><li><a href=\"https:\/\/bip.otwock.pl\/\">Otwock<\/a><\/li><li><a href=\"http:\/\/bip.sobieniejeziory.pl\/\">Sobienie-Jeziory<\/a><\/li><li><a href=\"https:\/\/bip.wiazowna.pl\/\">Wi\u0105zowna<\/a><\/li><\/ul>\n<\/div>\n\n\n\n<div class=\"wp-block-column is-layout-flow wp-block-column-is-layout-flow\" style=\"flex-basis:100%\">\n<p><strong><a href=\"https:\/\/bip.piaseczno.pl\/\">Powiat piaseczy\u0144ski<\/a><\/strong><\/p>\n\n\n\n<ul class=\"wp-block-list\"><li><a href=\"https:\/\/bip.gorakalwaria.pl\/\">G\u00f3ra Kalwaria<\/a><\/li><li><a href=\"http:\/\/bip.konstancinjeziorna.pl\/\">Konstancin-Jeziorna<\/a><\/li><li><a href=\"https:\/\/www.lesznowola.eobip.pl\/bip_lesznowola\/index.jsp?place=Menu01&amp;news_cat_id=-1&amp;layout=0\">Lesznowola<\/a><\/li><li><a href=\"https:\/\/bip.piaseczno.eu\/\">Piaseczno<\/a><\/li><li><a href=\"https:\/\/prazmow.bip.gov.pl\/\">Pra\u017cm\u00f3w<\/a><\/li><li><a href=\"https:\/\/bip.tarczyn.pl\/public\/\">Tarczyn<\/a><\/li><\/ul>\n<\/div>\n<\/div>\n\n\n\n<div class=\"wp-block-columns is-layout-flex wp-container-core-columns-is-layout-9d6595d7 wp-block-columns-is-layout-flex\">\n<div class=\"wp-block-column is-layout-flow wp-block-column-is-layout-flow\" style=\"flex-basis:100%\">\n<p><strong><a href=\"https:\/\/bip.powiat.pruszkow.pl\/\">Powiat pruszkowski<\/a><\/strong><\/p>\n\n\n\n<ul class=\"wp-block-list\"><li><a href=\"https:\/\/bip.brwinow.pl\/\">Brwin\u00f3w<\/a><\/li><li><a href=\"https:\/\/bip.michalowice.pl\/\">Micha\u0142owice<\/a><\/li><li><a href=\"https:\/\/bip.nadarzyn.pl\/\">Nadarzyn<\/a><\/li><li><a href=\"https:\/\/bip.piastow.pl\/\">Piast\u00f3w<\/a><\/li><li><a href=\"https:\/\/bip.um.pruszkow.pl\/\">Pruszk\u00f3w<\/a><\/li><li><a href=\"http:\/\/bip.raszyn.pl\/\">Raszyn<\/a><\/li><\/ul>\n<\/div>\n\n\n\n<div class=\"wp-block-column is-layout-flow wp-block-column-is-layout-flow\" style=\"flex-basis:100%\">\n<p><strong><a href=\"https:\/\/bip.pwz.pl\/\">Powiat warszawski zachodni<\/a><\/strong><\/p>\n\n\n\n<ul class=\"wp-block-list\"><li><a href=\"https:\/\/bip.blonie.pl\/\">B\u0142onie<\/a><\/li><li><a href=\"http:\/\/www.bip.izabelin.pl\/\">Izabelin<\/a><\/li><li><a href=\"http:\/\/www.bip.kampinos.pl\/\">Kampinos<\/a><\/li><li><a href=\"http:\/\/bip.leszno.pl\/\">Leszno<\/a><\/li><li><a href=\"https:\/\/bip.lomianki.pl\/\">\u0141omianki<\/a><\/li><li><a href=\"https:\/\/bip.ozarow-mazowiecki.pl\/\">O\u017car\u00f3w Mazowiecki<\/a><\/li><li><a href=\"https:\/\/starebabice.bip.net.pl\/#\">Stare Babice<\/a><\/li><\/ul>\n<\/div>\n<\/div>\n\n\n\n<div class=\"wp-block-columns is-layout-flex wp-container-core-columns-is-layout-9d6595d7 wp-block-columns-is-layout-flex\">\n<div class=\"wp-block-column is-layout-flow wp-block-column-is-layout-flow\" style=\"flex-basis:100%\">\n<p><strong><a href=\"https:\/\/samorzad.gov.pl\/web\/powiat-wolominski\">Powiat wo\u0142omi\u0144ski<\/a><\/strong><\/p>\n\n\n\n<ul class=\"wp-block-list\"><li><a href=\"https:\/\/bip.dabrowka.net.pl\/\">D\u0105br\u00f3wka<\/a><\/li><li><a href=\"https:\/\/bip.jadow.az.pl\/\">Jad\u00f3w<\/a><\/li><li><a href=\"https:\/\/bip.klembow.pl\/\">Klemb\u00f3w<\/a><\/li><li><a href=\"https:\/\/kobylka.bipgmina.pl\/\">Koby\u0142ka<\/a><\/li><li><a href=\"https:\/\/bip.marki.pl\/\">Marki<\/a><\/li><li><a href=\"https:\/\/poswietne.bip-e.pl\/\">Po\u015bwi\u0119tne<\/a><\/li><li><a href=\"https:\/\/bip.radzymin.pl\/\/\">Radzymin<\/a><\/li><li><a href=\"https:\/\/www.strachowka.4bip.pl\/index.php?idg=1&amp;id=1&amp;x=0\">Strach\u00f3wka<\/a><\/li><\/ul>\n<\/div>\n\n\n\n<div class=\"wp-block-column is-layout-flow wp-block-column-is-layout-flow\" style=\"flex-basis:100%\">\n<p><\/p>\n<\/div>\n<\/div>\n<div class=\"naszp-po-tresci\" id=\"naszp-2170624187\"><script async src=\"\/\/pagead2.googlesyndication.com\/pagead\/js\/adsbygoogle.js?client=ca-pub-5304901113955943\" crossorigin=\"anonymous\"><\/script><ins class=\"adsbygoogle\" style=\"display:block;\" data-ad-client=\"ca-pub-5304901113955943\" \ndata-ad-slot=\"9226873542\" \ndata-ad-format=\"auto\"><\/ins>\n<script> \n(adsbygoogle = window.adsbygoogle || []).push({}); \n<\/script>\n<\/div>","protected":false},"excerpt":{"rendered":"<p>Powiat grodziski Baran\u00f3w Grodzisk Mazowiecki Jaktor\u00f3w Milan\u00f3wek Podkowa Le\u015bna \u017babia Wola Powiat legionowski Jab\u0142onna Legionowo Niepor\u0119t Serock Wieliszew Powiat mi\u0144ski Ceg\u0142\u00f3w D\u0119be Wielkie Dobre Halin\u00f3w Jakub\u00f3w Ka\u0142uszyn Latowicz Mi\u0144sk Mazowiecki Mrozy Siennica Stanis\u0142aw\u00f3w Sulej\u00f3wek Powiat nowodworski Czosn\u00f3w Leoncin Nasielsk Nowy Dw\u00f3r Mazowiecki Pomiech\u00f3wek Zakroczym Powiat otwocki Celestyn\u00f3w J\u00f3zef\u00f3w Karczew Ko\u0142biel<span class=\"more-link\"><a href=\"https:\/\/naszpowiat.info\/index.php\/biuletyny-informacji-publicznej\/\">Czytaj dalej<\/a><\/span><\/p>\n","protected":false},"author":9,"featured_media":0,"parent":0,"menu_order":0,"comment_status":"closed","ping_status":"closed","template":"","meta":{"_monsterinsights_skip_tracking":false,"_monsterinsights_sitenote_active":false,"_monsterinsights_sitenote_note":"","_monsterinsights_sitenote_category":0,"footnotes":""},"class_list":["entry","author-admin","post-4497","page","type-page","status-publish"],"aioseo_notices":[],"_links":{"self":[{"href":"https:\/\/naszpowiat.info\/index.php\/wp-json\/wp\/v2\/pages\/4497","targetHints":{"allow":["GET"]}}],"collection":[{"href":"https:\/\/naszpowiat.info\/index.php\/wp-json\/wp\/v2\/pages"}],"about":[{"href":"https:\/\/naszpowiat.info\/index.php\/wp-json\/wp\/v2\/types\/page"}],"author":[{"embeddable":true,"href":"https:\/\/naszpowiat.info\/index.php\/wp-json\/wp\/v2\/users\/9"}],"replies":[{"embeddable":true,"href":"https:\/\/naszpowiat.info\/index.php\/wp-json\/wp\/v2\/comments?post=4497"}],"version-history":[{"count":23,"href":"https:\/\/naszpowiat.info\/index.php\/wp-json\/wp\/v2\/pages\/4497\/revisions"}],"predecessor-version":[{"id":4543,"href":"https:\/\/naszpowiat.info\/index.php\/wp-json\/wp\/v2\/pages\/4497\/revisions\/4543"}],"wp:attachment":[{"href":"https:\/\/naszpowiat.info\/index.php\/wp-json\/wp\/v2\/media?parent=4497"}],"curies":[{"name":"wp","href":"https:\/\/api.w.org\/{rel}","templated":true}]}}